{"id":2,"date":"2026-02-21T13:23:22","date_gmt":"2026-02-21T13:23:22","guid":{"rendered":"http:\/\/continuonsepsj.ovh\/?page_id=2"},"modified":"2026-03-01T14:07:16","modified_gmt":"2026-03-01T14:07:16","slug":"sample-page","status":"publish","type":"page","link":"https:\/\/continuonsepsj.ovh\/","title":{"rendered":""},"content":{"rendered":"\n<p>Ch\u00e8res Saint-Justoises, chers Saint-Justois,<\/p>\n\n\n\n<p><strong>Saint-Just avance !<\/strong><\/p>\n\n\n\n<p class=\"has-black-color has-text-color has-link-color wp-elements-656abf9d4532714622c3135b3f25495b\">Nous avons agi pour remettre la commune sur des bases solides, <strong><em>am\u00e9liorer les services essentiels et pr\u00e9server notre cadre de vie<\/em><\/strong>. Des choix parfois exigeants ont \u00e9t\u00e9 faits, toujours avec s\u00e9rieux, afin de garantir l\u2019\u00e9quilibre et l\u2019avenir de notre commune.<\/p>\n\n\n\n<p>Aujourd\u2019hui, forts de ce travail, nous voulons aller plus loin. <em><strong>Parce que notre ambition ne se limite pas \u00e0 g\u00e9rer l\u2019existant. Elle est de pr\u00e9parer Saint-Just aux d\u00e9fis des ann\u00e9es \u00e0 venir<\/strong><\/em>, en restant fid\u00e8les \u00e0 ce qui fait son identit\u00e9 : la proximit\u00e9, le sens du service et l\u2019\u00e9coute.<\/p>\n\n\n\n<p><strong><em>Notre engagement est clair <\/em><\/strong>: prot\u00e9ger ce qui fait la force de Saint-Just, renforcer nos services, d\u00e9velopper nos \u00e9quipements et accompagner son \u00e9volution avec m\u00e9thode et exigence.<\/p>\n\n\n\n<p>Ce programme est celui d\u2019<strong><em>une \u00e9quipe exp\u00e9riment\u00e9e, profond\u00e9ment attach\u00e9e<\/em><\/strong> \u00e0 notre commune et attentive \u00e0 chacun. Un programme d\u2019actions concr\u00e8tes, r\u00e9alistes et utiles.<\/p>\n\n\n\n<p>Continuons ensemble pour Saint-Just avec confiance et responsabilit\u00e9.<\/p>\n\n\n\n<p><\/p>\n\n\n\n<p><strong><em>Brigitte Pujuguet-Guigue et Bruno Odeyer<\/em><\/strong><\/p>\n\n\n\n<figure class=\"wp-block-image size-large\"><img loading=\"lazy\" decoding=\"async\" width=\"1024\" height=\"684\" src=\"https:\/\/continuonsepsj.ovh\/wp-content\/uploads\/2026\/02\/tandem_light-1024x684.jpg\" alt=\"Brigitte PUJUGUET-GUIGUE et Bruno ODEYER, candidats t\u00eate de liste &quot;Continuons Ensemble pour St-Just&quot;\" class=\"wp-image-36\" style=\"aspect-ratio:4\/3;object-fit:cover\" srcset=\"https:\/\/continuonsepsj.ovh\/wp-content\/uploads\/2026\/02\/tandem_light-1024x684.jpg 1024w, https:\/\/continuonsepsj.ovh\/wp-content\/uploads\/2026\/02\/tandem_light-300x200.jpg 300w, https:\/\/continuonsepsj.ovh\/wp-content\/uploads\/2026\/02\/tandem_light-768x513.jpg 768w, https:\/\/continuonsepsj.ovh\/wp-content\/uploads\/2026\/02\/tandem_light-1536x1025.jpg 1536w, https:\/\/continuonsepsj.ovh\/wp-content\/uploads\/2026\/02\/tandem_light-850x567.jpg 850w, https:\/\/continuonsepsj.ovh\/wp-content\/uploads\/2026\/02\/tandem_light.jpg 2006w\" sizes=\"auto, (max-width: 1024px) 100vw, 1024px\" \/><\/figure>\n\n\n\n<hr class=\"wp-block-separator has-alpha-channel-opacity\"\/>\n\n\n\n<h2 class=\"wp-block-heading has-text-align-center\">Notre affiche <\/h2>\n\n\n<div class=\"wp-block-image\">\n<figure class=\"aligncenter size-large\"><img loading=\"lazy\" decoding=\"async\" width=\"726\" height=\"1024\" src=\"https:\/\/continuonsepsj.ovh\/wp-content\/uploads\/2026\/03\/affiche-de-campagne-726x1024.jpg\" alt=\"\" class=\"wp-image-155\" srcset=\"https:\/\/continuonsepsj.ovh\/wp-content\/uploads\/2026\/03\/affiche-de-campagne-726x1024.jpg 726w, https:\/\/continuonsepsj.ovh\/wp-content\/uploads\/2026\/03\/affiche-de-campagne-213x300.jpg 213w, https:\/\/continuonsepsj.ovh\/wp-content\/uploads\/2026\/03\/affiche-de-campagne-768x1084.jpg 768w, https:\/\/continuonsepsj.ovh\/wp-content\/uploads\/2026\/03\/affiche-de-campagne-300x423.jpg 300w, https:\/\/continuonsepsj.ovh\/wp-content\/uploads\/2026\/03\/affiche-de-campagne-850x1199.jpg 850w, https:\/\/continuonsepsj.ovh\/wp-content\/uploads\/2026\/03\/affiche-de-campagne.jpg 1080w\" sizes=\"auto, (max-width: 726px) 100vw, 726px\" \/><\/figure>\n<\/div>","protected":false},"excerpt":{"rendered":"<p>Ch\u00e8res Saint-Justoises, chers Saint-Justois, Saint-Just avance ! Nous avons agi pour remettre la commune sur des bases solides, am\u00e9liorer les services essentiels et pr\u00e9server notre cadre de vie. Des choix parfois exigeants ont \u00e9t\u00e9 faits, toujours avec s\u00e9rieux, afin de garantir l\u2019\u00e9quilibre et l\u2019avenir de notre commune. Aujourd\u2019hui, forts de ce travail, nous voulons aller&#8230;<\/p>\n","protected":false},"author":1,"featured_media":0,"parent":0,"menu_order":0,"comment_status":"closed","ping_status":"closed","template":"","meta":{"footnotes":""},"class_list":["post-2","page","type-page","status-publish","hentry"],"_links":{"self":[{"href":"https:\/\/continuonsepsj.ovh\/index.php?rest_route=\/wp\/v2\/pages\/2","targetHints":{"allow":["GET"]}}],"collection":[{"href":"https:\/\/continuonsepsj.ovh\/index.php?rest_route=\/wp\/v2\/pages"}],"about":[{"href":"https:\/\/continuonsepsj.ovh\/index.php?rest_route=\/wp\/v2\/types\/page"}],"author":[{"embeddable":true,"href":"https:\/\/continuonsepsj.ovh\/index.php?rest_route=\/wp\/v2\/users\/1"}],"replies":[{"embeddable":true,"href":"https:\/\/continuonsepsj.ovh\/index.php?rest_route=%2Fwp%2Fv2%2Fcomments&post=2"}],"version-history":[{"count":8,"href":"https:\/\/continuonsepsj.ovh\/index.php?rest_route=\/wp\/v2\/pages\/2\/revisions"}],"predecessor-version":[{"id":158,"href":"https:\/\/continuonsepsj.ovh\/index.php?rest_route=\/wp\/v2\/pages\/2\/revisions\/158"}],"wp:attachment":[{"href":"https:\/\/continuonsepsj.ovh\/index.php?rest_route=%2Fwp%2Fv2%2Fmedia&parent=2"}],"curies":[{"name":"wp","href":"https:\/\/api.w.org\/{rel}","templated":true}]}}