{"id":151,"date":"2026-03-01T13:59:11","date_gmt":"2026-03-01T13:59:11","guid":{"rendered":"https:\/\/continuonsepsj.ovh\/?page_id=151"},"modified":"2026-03-01T16:19:45","modified_gmt":"2026-03-01T16:19:45","slug":"reunions-publiques","status":"publish","type":"page","link":"https:\/\/continuonsepsj.ovh\/?page_id=151","title":{"rendered":"R\u00e9unions publiques"},"content":{"rendered":"\n<h2 class=\"wp-block-heading has-text-align-center\">R\u00e9union publique  du 24 f\u00e9vrier 2026<\/h2>\n\n\n\n<p class=\"has-text-align-center\">La vid\u00e9o ici <a href=\"https:\/\/www.facebook.com\/share\/v\/1DwaaJ43a8\/\">https:\/\/www.facebook.com\/share\/v\/1DwaaJ43a8\/<\/a><\/p>\n\n\n\n<figure class=\"wp-block-gallery has-nested-images columns-default is-cropped wp-block-gallery-1 is-layout-flex wp-block-gallery-is-layout-flex\">\n<figure class=\"wp-block-image size-large\"><img loading=\"lazy\" decoding=\"async\" width=\"1024\" height=\"768\" data-id=\"183\" src=\"https:\/\/continuonsepsj.ovh\/wp-content\/uploads\/2026\/03\/c4ea5563-bca2-4f1f-a78b-6da372dd02c8-1024x768.jpg\" alt=\"\" class=\"wp-image-183\" srcset=\"https:\/\/continuonsepsj.ovh\/wp-content\/uploads\/2026\/03\/c4ea5563-bca2-4f1f-a78b-6da372dd02c8-1024x768.jpg 1024w, https:\/\/continuonsepsj.ovh\/wp-content\/uploads\/2026\/03\/c4ea5563-bca2-4f1f-a78b-6da372dd02c8-300x225.jpg 300w, https:\/\/continuonsepsj.ovh\/wp-content\/uploads\/2026\/03\/c4ea5563-bca2-4f1f-a78b-6da372dd02c8-768x576.jpg 768w, https:\/\/continuonsepsj.ovh\/wp-content\/uploads\/2026\/03\/c4ea5563-bca2-4f1f-a78b-6da372dd02c8-1536x1152.jpg 1536w, https:\/\/continuonsepsj.ovh\/wp-content\/uploads\/2026\/03\/c4ea5563-bca2-4f1f-a78b-6da372dd02c8-850x638.jpg 850w, https:\/\/continuonsepsj.ovh\/wp-content\/uploads\/2026\/03\/c4ea5563-bca2-4f1f-a78b-6da372dd02c8.jpg 2000w\" sizes=\"auto, (max-width: 1024px) 100vw, 1024px\" \/><\/figure>\n\n\n\n<figure class=\"wp-block-image size-large\"><img loading=\"lazy\" decoding=\"async\" width=\"1024\" height=\"768\" data-id=\"181\" src=\"https:\/\/continuonsepsj.ovh\/wp-content\/uploads\/2026\/03\/fb957d86-1b4f-4147-945b-fea231883328-1024x768.jpg\" alt=\"\" class=\"wp-image-181\" srcset=\"https:\/\/continuonsepsj.ovh\/wp-content\/uploads\/2026\/03\/fb957d86-1b4f-4147-945b-fea231883328-1024x768.jpg 1024w, https:\/\/continuonsepsj.ovh\/wp-content\/uploads\/2026\/03\/fb957d86-1b4f-4147-945b-fea231883328-300x225.jpg 300w, https:\/\/continuonsepsj.ovh\/wp-content\/uploads\/2026\/03\/fb957d86-1b4f-4147-945b-fea231883328-768x576.jpg 768w, https:\/\/continuonsepsj.ovh\/wp-content\/uploads\/2026\/03\/fb957d86-1b4f-4147-945b-fea231883328-1536x1152.jpg 1536w, https:\/\/continuonsepsj.ovh\/wp-content\/uploads\/2026\/03\/fb957d86-1b4f-4147-945b-fea231883328-850x638.jpg 850w, https:\/\/continuonsepsj.ovh\/wp-content\/uploads\/2026\/03\/fb957d86-1b4f-4147-945b-fea231883328.jpg 2000w\" sizes=\"auto, (max-width: 1024px) 100vw, 1024px\" \/><\/figure>\n\n\n\n<figure class=\"wp-block-image size-large\"><img loading=\"lazy\" decoding=\"async\" width=\"1024\" height=\"768\" data-id=\"184\" src=\"https:\/\/continuonsepsj.ovh\/wp-content\/uploads\/2026\/03\/ed36f4da-7f76-4f71-b226-cb41b88c4802-1024x768.jpg\" alt=\"\" class=\"wp-image-184\" srcset=\"https:\/\/continuonsepsj.ovh\/wp-content\/uploads\/2026\/03\/ed36f4da-7f76-4f71-b226-cb41b88c4802-1024x768.jpg 1024w, https:\/\/continuonsepsj.ovh\/wp-content\/uploads\/2026\/03\/ed36f4da-7f76-4f71-b226-cb41b88c4802-300x225.jpg 300w, https:\/\/continuonsepsj.ovh\/wp-content\/uploads\/2026\/03\/ed36f4da-7f76-4f71-b226-cb41b88c4802-768x576.jpg 768w, https:\/\/continuonsepsj.ovh\/wp-content\/uploads\/2026\/03\/ed36f4da-7f76-4f71-b226-cb41b88c4802-1536x1152.jpg 1536w, https:\/\/continuonsepsj.ovh\/wp-content\/uploads\/2026\/03\/ed36f4da-7f76-4f71-b226-cb41b88c4802-850x638.jpg 850w, https:\/\/continuonsepsj.ovh\/wp-content\/uploads\/2026\/03\/ed36f4da-7f76-4f71-b226-cb41b88c4802.jpg 2000w\" sizes=\"auto, (max-width: 1024px) 100vw, 1024px\" \/><\/figure>\n\n\n\n<figure class=\"wp-block-image size-large\"><img loading=\"lazy\" decoding=\"async\" width=\"1024\" height=\"768\" data-id=\"185\" src=\"https:\/\/continuonsepsj.ovh\/wp-content\/uploads\/2026\/03\/3b716935-abea-4155-8344-8c63ad8fdc20-1024x768.jpg\" alt=\"\" class=\"wp-image-185\" srcset=\"https:\/\/continuonsepsj.ovh\/wp-content\/uploads\/2026\/03\/3b716935-abea-4155-8344-8c63ad8fdc20-1024x768.jpg 1024w, https:\/\/continuonsepsj.ovh\/wp-content\/uploads\/2026\/03\/3b716935-abea-4155-8344-8c63ad8fdc20-300x225.jpg 300w, https:\/\/continuonsepsj.ovh\/wp-content\/uploads\/2026\/03\/3b716935-abea-4155-8344-8c63ad8fdc20-768x576.jpg 768w, https:\/\/continuonsepsj.ovh\/wp-content\/uploads\/2026\/03\/3b716935-abea-4155-8344-8c63ad8fdc20-1536x1152.jpg 1536w, https:\/\/continuonsepsj.ovh\/wp-content\/uploads\/2026\/03\/3b716935-abea-4155-8344-8c63ad8fdc20-850x638.jpg 850w, https:\/\/continuonsepsj.ovh\/wp-content\/uploads\/2026\/03\/3b716935-abea-4155-8344-8c63ad8fdc20.jpg 2000w\" sizes=\"auto, (max-width: 1024px) 100vw, 1024px\" \/><\/figure>\n\n\n\n<figure class=\"wp-block-image size-large\"><img loading=\"lazy\" decoding=\"async\" width=\"1024\" height=\"768\" data-id=\"179\" src=\"https:\/\/continuonsepsj.ovh\/wp-content\/uploads\/2026\/03\/00d27ffb-fcf5-4d23-ba53-47f03529ce97-1024x768.jpg\" alt=\"\" class=\"wp-image-179\" srcset=\"https:\/\/continuonsepsj.ovh\/wp-content\/uploads\/2026\/03\/00d27ffb-fcf5-4d23-ba53-47f03529ce97-1024x768.jpg 1024w, https:\/\/continuonsepsj.ovh\/wp-content\/uploads\/2026\/03\/00d27ffb-fcf5-4d23-ba53-47f03529ce97-300x225.jpg 300w, https:\/\/continuonsepsj.ovh\/wp-content\/uploads\/2026\/03\/00d27ffb-fcf5-4d23-ba53-47f03529ce97-768x576.jpg 768w, https:\/\/continuonsepsj.ovh\/wp-content\/uploads\/2026\/03\/00d27ffb-fcf5-4d23-ba53-47f03529ce97-1536x1152.jpg 1536w, https:\/\/continuonsepsj.ovh\/wp-content\/uploads\/2026\/03\/00d27ffb-fcf5-4d23-ba53-47f03529ce97-850x638.jpg 850w, https:\/\/continuonsepsj.ovh\/wp-content\/uploads\/2026\/03\/00d27ffb-fcf5-4d23-ba53-47f03529ce97.jpg 2000w\" sizes=\"auto, (max-width: 1024px) 100vw, 1024px\" \/><\/figure>\n\n\n\n<figure class=\"wp-block-image size-large\"><img loading=\"lazy\" decoding=\"async\" width=\"1024\" height=\"768\" data-id=\"182\" src=\"https:\/\/continuonsepsj.ovh\/wp-content\/uploads\/2026\/03\/48181-1024x768.jpg\" alt=\"\" class=\"wp-image-182\" srcset=\"https:\/\/continuonsepsj.ovh\/wp-content\/uploads\/2026\/03\/48181-1024x768.jpg 1024w, https:\/\/continuonsepsj.ovh\/wp-content\/uploads\/2026\/03\/48181-300x225.jpg 300w, https:\/\/continuonsepsj.ovh\/wp-content\/uploads\/2026\/03\/48181-768x576.jpg 768w, https:\/\/continuonsepsj.ovh\/wp-content\/uploads\/2026\/03\/48181-1536x1152.jpg 1536w, https:\/\/continuonsepsj.ovh\/wp-content\/uploads\/2026\/03\/48181-850x638.jpg 850w, https:\/\/continuonsepsj.ovh\/wp-content\/uploads\/2026\/03\/48181.jpg 2000w\" sizes=\"auto, (max-width: 1024px) 100vw, 1024px\" \/><\/figure>\n<\/figure>\n\n\n\n<p>Merci \u00e0 toutes et \u00e0 tous <\/p>\n\n\n\n<p>Vous \u00e9tiez une soixantaine \u00e0 avoir r\u00e9pondu pr\u00e9sents \u00e0 notre r\u00e9union publique de mardi soir \u00e0 la Salle de la Ferme. Votre pr\u00e9sence, votre \u00e9coute attentive et la richesse de nos \u00e9changes t\u00e9moignent de l\u2019int\u00e9r\u00eat et de l\u2019attachement que nous partageons pour l\u2019avenir de Saint-Just.<\/p>\n\n\n\n<p> Ces moments de dialogue sont essentiels pour construire, ensemble, un projet \u00e0 l\u2019image de notre commune : dynamique, solidaire et tourn\u00e9 vers l\u2019avenir. Merci pour vos questions, vos id\u00e9es et vos encouragements qui nourrissent notre r\u00e9flexion et renforcent notre engagement.<\/p>\n\n\n\n<p>Nous adressons \u00e9galement nos remerciements sinc\u00e8res \u00e0 Fran\u00e7oise Gonnet-Tabardel, Pr\u00e9sidente de la CC DRAGA, ainsi qu\u2019\u00e0 Bernard Chazaut, Conseiller d\u00e9partemental, pour leur pr\u00e9sence et leur soutien.<\/p>\n\n\n\n<p>Continuons ensemble pour Saint-Just-d&rsquo;Ard\u00e8che<\/p>\n\n\n\n<hr class=\"wp-block-separator has-alpha-channel-opacity\"\/>\n\n\n\n<h2 class=\"wp-block-heading has-text-align-center\">Atelier participatif du 12 f\u00e9vrier 2026<\/h2>\n\n\n\n<figure class=\"wp-block-image size-large\"><img loading=\"lazy\" decoding=\"async\" width=\"724\" height=\"1024\" src=\"https:\/\/continuonsepsj.ovh\/wp-content\/uploads\/2026\/03\/restitution-ateliers-du-12-fevrier1-1-724x1024.jpg\" alt=\"\" class=\"wp-image-166\" srcset=\"https:\/\/continuonsepsj.ovh\/wp-content\/uploads\/2026\/03\/restitution-ateliers-du-12-fevrier1-1-724x1024.jpg 724w, https:\/\/continuonsepsj.ovh\/wp-content\/uploads\/2026\/03\/restitution-ateliers-du-12-fevrier1-1-212x300.jpg 212w, https:\/\/continuonsepsj.ovh\/wp-content\/uploads\/2026\/03\/restitution-ateliers-du-12-fevrier1-1-768x1086.jpg 768w, https:\/\/continuonsepsj.ovh\/wp-content\/uploads\/2026\/03\/restitution-ateliers-du-12-fevrier1-1-1086x1536.jpg 1086w, https:\/\/continuonsepsj.ovh\/wp-content\/uploads\/2026\/03\/restitution-ateliers-du-12-fevrier1-1-1448x2048.jpg 1448w, https:\/\/continuonsepsj.ovh\/wp-content\/uploads\/2026\/03\/restitution-ateliers-du-12-fevrier1-1-300x424.jpg 300w, https:\/\/continuonsepsj.ovh\/wp-content\/uploads\/2026\/03\/restitution-ateliers-du-12-fevrier1-1-850x1202.jpg 850w, https:\/\/continuonsepsj.ovh\/wp-content\/uploads\/2026\/03\/restitution-ateliers-du-12-fevrier1-1-scaled.jpg 1811w\" sizes=\"auto, (max-width: 724px) 100vw, 724px\" \/><\/figure>\n\n\n\n<figure class=\"wp-block-image size-large\"><img loading=\"lazy\" decoding=\"async\" width=\"724\" height=\"1024\" src=\"https:\/\/continuonsepsj.ovh\/wp-content\/uploads\/2026\/03\/restitution-ateliers-du-12-fevrier2-1-724x1024.jpg\" alt=\"\" class=\"wp-image-167\" srcset=\"https:\/\/continuonsepsj.ovh\/wp-content\/uploads\/2026\/03\/restitution-ateliers-du-12-fevrier2-1-724x1024.jpg 724w, https:\/\/continuonsepsj.ovh\/wp-content\/uploads\/2026\/03\/restitution-ateliers-du-12-fevrier2-1-212x300.jpg 212w, https:\/\/continuonsepsj.ovh\/wp-content\/uploads\/2026\/03\/restitution-ateliers-du-12-fevrier2-1-768x1086.jpg 768w, https:\/\/continuonsepsj.ovh\/wp-content\/uploads\/2026\/03\/restitution-ateliers-du-12-fevrier2-1-1086x1536.jpg 1086w, https:\/\/continuonsepsj.ovh\/wp-content\/uploads\/2026\/03\/restitution-ateliers-du-12-fevrier2-1-1448x2048.jpg 1448w, https:\/\/continuonsepsj.ovh\/wp-content\/uploads\/2026\/03\/restitution-ateliers-du-12-fevrier2-1-300x424.jpg 300w, https:\/\/continuonsepsj.ovh\/wp-content\/uploads\/2026\/03\/restitution-ateliers-du-12-fevrier2-1-850x1202.jpg 850w, https:\/\/continuonsepsj.ovh\/wp-content\/uploads\/2026\/03\/restitution-ateliers-du-12-fevrier2-1-scaled.jpg 1811w\" sizes=\"auto, (max-width: 724px) 100vw, 724px\" \/><\/figure>\n\n\n\n<figure class=\"wp-block-image size-large\"><img loading=\"lazy\" decoding=\"async\" width=\"724\" height=\"1024\" src=\"https:\/\/continuonsepsj.ovh\/wp-content\/uploads\/2026\/03\/restitution-ateliers-du-12-fevrier3-724x1024.jpg\" alt=\"\" class=\"wp-image-168\" srcset=\"https:\/\/continuonsepsj.ovh\/wp-content\/uploads\/2026\/03\/restitution-ateliers-du-12-fevrier3-724x1024.jpg 724w, https:\/\/continuonsepsj.ovh\/wp-content\/uploads\/2026\/03\/restitution-ateliers-du-12-fevrier3-212x300.jpg 212w, https:\/\/continuonsepsj.ovh\/wp-content\/uploads\/2026\/03\/restitution-ateliers-du-12-fevrier3-768x1086.jpg 768w, https:\/\/continuonsepsj.ovh\/wp-content\/uploads\/2026\/03\/restitution-ateliers-du-12-fevrier3-1086x1536.jpg 1086w, https:\/\/continuonsepsj.ovh\/wp-content\/uploads\/2026\/03\/restitution-ateliers-du-12-fevrier3-1448x2048.jpg 1448w, https:\/\/continuonsepsj.ovh\/wp-content\/uploads\/2026\/03\/restitution-ateliers-du-12-fevrier3-300x424.jpg 300w, https:\/\/continuonsepsj.ovh\/wp-content\/uploads\/2026\/03\/restitution-ateliers-du-12-fevrier3-850x1202.jpg 850w, https:\/\/continuonsepsj.ovh\/wp-content\/uploads\/2026\/03\/restitution-ateliers-du-12-fevrier3-scaled.jpg 1811w\" sizes=\"auto, (max-width: 724px) 100vw, 724px\" \/><\/figure>\n\n\n\n<figure class=\"wp-block-image size-large\"><img loading=\"lazy\" decoding=\"async\" width=\"724\" height=\"1024\" src=\"https:\/\/continuonsepsj.ovh\/wp-content\/uploads\/2026\/03\/restitution-ateliers-du-12-fevrier4-724x1024.jpg\" alt=\"\" class=\"wp-image-169\" srcset=\"https:\/\/continuonsepsj.ovh\/wp-content\/uploads\/2026\/03\/restitution-ateliers-du-12-fevrier4-724x1024.jpg 724w, https:\/\/continuonsepsj.ovh\/wp-content\/uploads\/2026\/03\/restitution-ateliers-du-12-fevrier4-212x300.jpg 212w, https:\/\/continuonsepsj.ovh\/wp-content\/uploads\/2026\/03\/restitution-ateliers-du-12-fevrier4-768x1086.jpg 768w, https:\/\/continuonsepsj.ovh\/wp-content\/uploads\/2026\/03\/restitution-ateliers-du-12-fevrier4-1086x1536.jpg 1086w, https:\/\/continuonsepsj.ovh\/wp-content\/uploads\/2026\/03\/restitution-ateliers-du-12-fevrier4-1448x2048.jpg 1448w, https:\/\/continuonsepsj.ovh\/wp-content\/uploads\/2026\/03\/restitution-ateliers-du-12-fevrier4-300x424.jpg 300w, https:\/\/continuonsepsj.ovh\/wp-content\/uploads\/2026\/03\/restitution-ateliers-du-12-fevrier4-850x1202.jpg 850w, https:\/\/continuonsepsj.ovh\/wp-content\/uploads\/2026\/03\/restitution-ateliers-du-12-fevrier4-scaled.jpg 1811w\" sizes=\"auto, (max-width: 724px) 100vw, 724px\" \/><\/figure>\n\n\n\n<figure class=\"wp-block-image size-large\"><img loading=\"lazy\" decoding=\"async\" width=\"724\" height=\"1024\" src=\"https:\/\/continuonsepsj.ovh\/wp-content\/uploads\/2026\/03\/restitution-ateliers-du-12-fevrier5-724x1024.jpg\" alt=\"\" class=\"wp-image-170\" srcset=\"https:\/\/continuonsepsj.ovh\/wp-content\/uploads\/2026\/03\/restitution-ateliers-du-12-fevrier5-724x1024.jpg 724w, https:\/\/continuonsepsj.ovh\/wp-content\/uploads\/2026\/03\/restitution-ateliers-du-12-fevrier5-212x300.jpg 212w, https:\/\/continuonsepsj.ovh\/wp-content\/uploads\/2026\/03\/restitution-ateliers-du-12-fevrier5-768x1086.jpg 768w, https:\/\/continuonsepsj.ovh\/wp-content\/uploads\/2026\/03\/restitution-ateliers-du-12-fevrier5-1086x1536.jpg 1086w, https:\/\/continuonsepsj.ovh\/wp-content\/uploads\/2026\/03\/restitution-ateliers-du-12-fevrier5-1448x2048.jpg 1448w, https:\/\/continuonsepsj.ovh\/wp-content\/uploads\/2026\/03\/restitution-ateliers-du-12-fevrier5-300x424.jpg 300w, https:\/\/continuonsepsj.ovh\/wp-content\/uploads\/2026\/03\/restitution-ateliers-du-12-fevrier5-850x1202.jpg 850w, https:\/\/continuonsepsj.ovh\/wp-content\/uploads\/2026\/03\/restitution-ateliers-du-12-fevrier5-scaled.jpg 1811w\" sizes=\"auto, (max-width: 724px) 100vw, 724px\" \/><\/figure>\n","protected":false},"excerpt":{"rendered":"<p>R\u00e9union publique du 24 f\u00e9vrier 2026 La vid\u00e9o ici https:\/\/www.facebook.com\/share\/v\/1DwaaJ43a8\/ Merci \u00e0 toutes et \u00e0 tous Vous \u00e9tiez une soixantaine \u00e0 avoir r\u00e9pondu pr\u00e9sents \u00e0 notre r\u00e9union publique de mardi soir \u00e0 la Salle de la Ferme. Votre pr\u00e9sence, votre \u00e9coute attentive et la richesse de nos \u00e9changes t\u00e9moignent de l\u2019int\u00e9r\u00eat et de l\u2019attachement que&#8230;<\/p>\n","protected":false},"author":1,"featured_media":0,"parent":0,"menu_order":0,"comment_status":"closed","ping_status":"closed","template":"","meta":{"footnotes":""},"class_list":["post-151","page","type-page","status-publish","hentry"],"_links":{"self":[{"href":"https:\/\/continuonsepsj.ovh\/index.php?rest_route=\/wp\/v2\/pages\/151","targetHints":{"allow":["GET"]}}],"collection":[{"href":"https:\/\/continuonsepsj.ovh\/index.php?rest_route=\/wp\/v2\/pages"}],"about":[{"href":"https:\/\/continuonsepsj.ovh\/index.php?rest_route=\/wp\/v2\/types\/page"}],"author":[{"embeddable":true,"href":"https:\/\/continuonsepsj.ovh\/index.php?rest_route=\/wp\/v2\/users\/1"}],"replies":[{"embeddable":true,"href":"https:\/\/continuonsepsj.ovh\/index.php?rest_route=%2Fwp%2Fv2%2Fcomments&post=151"}],"version-history":[{"count":5,"href":"https:\/\/continuonsepsj.ovh\/index.php?rest_route=\/wp\/v2\/pages\/151\/revisions"}],"predecessor-version":[{"id":186,"href":"https:\/\/continuonsepsj.ovh\/index.php?rest_route=\/wp\/v2\/pages\/151\/revisions\/186"}],"wp:attachment":[{"href":"https:\/\/continuonsepsj.ovh\/index.php?rest_route=%2Fwp%2Fv2%2Fmedia&parent=151"}],"curies":[{"name":"wp","href":"https:\/\/api.w.org\/{rel}","templated":true}]}}